{"id":118,"date":"2022-08-31T08:27:08","date_gmt":"2022-08-31T11:27:08","guid":{"rendered":"http:\/\/www.mthome.ind.puc-rio.br\/?page_id=118"},"modified":"2022-10-11T09:37:06","modified_gmt":"2022-10-11T12:37:06","slug":"journal-papers","status":"publish","type":"page","link":"http:\/\/www.mthome.ind.puc-rio.br\/?page_id=118","title":{"rendered":"Journal articles"},"content":{"rendered":"\n<figure class=\"wp-block-table\"><table><tbody><tr><td>Chik\u00e1n, A., Thom\u00e9, A. M. T., Kull, T., Wacker, J., &amp; Grubbstr\u00f6m, R. W. (2022). In memoriam: Prof. David Clay Whybark 1935\u20132021. International Journal of Production Economics, 247, 108451. doi.org\/10.1016\/j.ijpe.2022.108451 (https:\/\/www.sciencedirect.com\/search?qs=obituary%20clay)<\/td><\/tr><tr><td>Kreuter, T., Scavarda, L. F., Thom\u00e9, A. M. T., Hellingrath, B., &amp; Seeling, M. X. (2022). Empirical and theoretical perspectives in sales and operations planning. Review of Managerial Science, 16(2), 319-354. doi:10.1007\/s11846-021-00455-y<\/td><\/tr><tr><td>Seeling, M., Kreuter, T., Scavarda, L. F., Thom\u00e9, A. M. T., &amp; Hellingrath, B. (2022). The role of finance in the sales and operations planning process: A multiple case study. Business Process Management Journal, 28(1), 23-39. doi:10.1108\/BPMJ-07-2021-0447<\/td><\/tr><tr><td>Eckhardt, D., Leiras, A., &amp; Thom\u00e9, A. M. T. (2022). Using social media for economic disaster evaluation: A systematic literature review and real case application. Natural Hazards Review, 23(1) doi:10.1061\/(ASCE)NH.1527-6996.0000539<\/td><\/tr><tr><td>Cormack, A., Thom\u00e9, A. M. T., &amp; Silvestre, B. (2021). An integrative conceptual framework for supply chain sustainability learning: A process-based approach. Journal of Cleaner Production, 320 doi:10.1016\/j.jclepro.2021.128675<\/td><\/tr><tr><td>Machado, E., Scavarda, L. F., Caiado, R. G. G., &amp; Thom\u00e9, A. M. T. (2021). Barriers and enablers for the integration of industry 4.0 and sustainability in supply chains of MSMEs. Sustainability (Switzerland), 13(21) doi:10.3390\/su132111664<\/td><\/tr><tr><td>Hellweg, F., Lechtenberg, S., Hellingrath, B., &amp; Thom\u00e9, A. M. T. (2021). Literature review on maturity models for digital supply chains. Brazilian Journal of Operations and Production Management, 18(3) doi:10.14488\/BJOPM.2021.022<\/td><\/tr><tr><td>Nicolas, F. N. P., Thom\u00e9, A. M. T., &amp; Hellingrath, B. (2021). Usage of information technology and business analytics within sales and operations planning: A systematic literature review*. Brazilian Journal of Operations and Production Management, 18(3) doi:10.14488\/BJOPM.2021.023<\/td><\/tr><tr><td>Seeling, M. X., Kreuter, T., Scavarda, L. F., Thome, A. M. T., &amp; Hellingrath, B. (2021). Global sales and operations planning: A multinational manufacturing company perspective. PLoS ONE, 16(9 September) doi:10.1371\/journal.pone.0257572<\/td><\/tr><tr><td>Thom\u00e9, A. M. T., Barbastefano, R., Dos Reis, J. C. G., Scavarda, L. F., &amp; Freires, F. G. M. (2021). Industrial engineering and operations management \u2013 a view from IJCIEOM 2020-2021. Brazilian Journal of Operations and Production Management, 18(3) doi:10.14488\/BJOPM.2021.033<\/td><\/tr><tr><td>Silvestre, B.S., Silva, M.E., Cormack, A., Thom\u00e9, A.M.T. (2020). Supply chain sustainability trajectories: learning through sustainability initiatives. International Journal of Operations &amp; Production Management, 40(9), 1301 &#8211; 1337. doi:10.1108\/IJOPM-01-2020-0043.<\/td><\/tr><tr><td>Caskey, K. R., &amp; Taveres Thom\u00e9, A. M. (2020). Management research topics: Positioning, evolution, alignment with teaching and with job market needs. International Journal of Management Education, 18(3) doi:10.1016\/j.ijme.2020.100391<\/td><\/tr><tr><td>Pereira Gaspar, P. G., Ceryno, P. S., Ferrer, A. L., &amp; Tavares Thom\u00e9, A. M. (2020). Phases and tools for supply chain risk management: A systematic literature review. [Fases e ferramentas para gest\u00e3o de risco na cadeia de suprimentos: Uma revis\u00e3o sistem\u00e1tica da literatura] Gest\u00e3o e Produ\u00e7\u00e3o, 27(3) doi:10.1590\/0104-530X4227-20<\/td><\/tr><tr><td>Peres, I. T., Hamacher, S., Oliveira, F. L. C., Thom\u00e9, A. M. T., &amp; Bozza, F. A. (2020). What factors predict the length of stay in the intensive care unit? Systematic review and meta-analysis. Journal of Critical Care, 60, 183-194. doi:10.1016\/j.jcrc.2020.08.003<\/td><\/tr><tr><td>Eckhardt, D., Leiras, A., &amp; Thom\u00e9, A. M. T. (2019). Systematic literature review of methodologies for assessing the costs of disasters. International Journal of Disaster Risk Reduction, 33, 398-416. doi:10.1016\/j.ijdrr.2018.10.010<\/td><\/tr><tr><td>Delmonico, D., Jabbour, C. J. C., Pereira, S. C. F., de Sousa Jabbour, A. B. L., Renwick, D. W. S., &amp; Thom\u00e9, A. M. T. (2018). Unveiling barriers to sustainable public procurement in emerging economies: Evidence from a leading sustainable supply chain initiative in Latin america. Resources, Conservation and Recycling, 134, 70-79. doi:10.1016\/j.resconrec.2018.02.033<\/td><\/tr><tr><td>Ferrer, A. L. C., Thom\u00e9, A. M. T., &amp; Scavarda, A. J. (2018). Sustainable urban infrastructure: A review. Resources, Conservation and Recycling, 128, 360-372. doi:10.1016\/j.resconrec.2016.07.017<\/td><\/tr><tr><td>Ma\u00e7aira, P. M., Tavares Thom\u00e9, A. M., Cyrino Oliveira, F. L., &amp; Carvalho Ferrer, A. L. (2018). Time series analysis with explanatory variables: A systematic literature review. Environmental Modelling and Software, 107, 199-209. doi:10.1016\/j.envsoft.2018.06.004<\/td><\/tr><tr><td>Lopes, C. M., Scavarda, A., Hofmeister, L. F., Thom\u00e9, A. M. T., &amp; Vaccaro, G. L. R. (2017). An analysis of the interplay between organizational sustainability, knowledge management, and open innovation. Journal of Cleaner Production, 142, 476-488. doi:10.1016\/j.jclepro.2016.10.083<\/td><\/tr><tr><td>Scavarda, L. F., Hellingrath, B., Kreuter, T., Thom\u00e9, A. M. T., Seeling, M. X., Fischer, J. -., &amp; Mello, R. (2017). A case method for sales and operations planning: A learning experience from Germany. Production, 27 Special Issue) doi:10.1590\/0103-6513.219916<\/td><\/tr><tr><td>Mareth, T., Thom\u00e9, A.M.T., Oliveira, F.C., Scavarda, L. F. (2016). Systematic review and meta-regression analysis of technical efficiency in dairy farms. The International Journal of Productivity and Performance Management, v. 65, p. 279-301, 2016.<\/td><\/tr><tr><td>Thom\u00e9, A. M. T., Scavarda, A., Ceryno, P. S., &amp; Remmen, A. (2016). Sustainable new product development: A longitudinal review. Clean Technologies and Environmental Policy, 18(7), 2195-2208. doi:10.1007\/s10098-016-1166-3<\/td><\/tr><tr><td>Thom\u00e9, A.M.T.; Sousa, R.S. (2016). Design-manufacturing integration and manufacturing complexity. International Journal of Operations &amp; Production Management, v. 36, p. 1090-1114.<\/td><\/tr><tr><td>Thom\u00e9, A. M. T., Scavarda, L.F., Scavarda, A.J., Thome, F.E.S.S. (2016) Similarities and contrasts of complexity, uncertainty, risks, and resilience in supply chains and temporary multi-organization projects. International Journal of Project Management, v. 34, p. 1-19.<\/td><\/tr><tr><td>Thom\u00e9, A.M.T., Scavarda, L.F., Scavarda, A.J. (2016) Conducting systematic literature review in operations management. Production Planning &amp; Control, v. 27, p. 408-420.<\/td><\/tr><tr><td>Fischer, J. H., Thom\u00e9, A.M.T., Scavarda, L.F., Hellingrath, B., Martins, R. (2016). Development and Application of a Maturity Measurement Framework for Supply Chain Flexibility. Procedia CIRP, v. 41, p. 514-519.<\/td><\/tr><tr><td>Thom\u00e9, A.M.T., Ceryno, P.S., Scavarda, A., Remmen, A. (2016). Sustainable infrastructure: A review and a research agenda. Journal of Environmental Management, v. 184, p. 143-156.<\/td><\/tr><tr><td>Mendes, P., Leal, J.E.L., Thom\u00e9, A.M.T. (2016). A maturity model for demand-driven supply chains in the consumer product goods industry. International Journal of Production Economics, v. 179, p. 153-165.<\/td><\/tr><tr><td>Hollmann, R.L., Scavarda, L.F., Thom\u00e9, A.M.T. (2015) Collaborative planning, forecasting and replenishment: a literature review. The International Journal of Productivity and Performance Management, v. 64, p. 971-993.<\/td><\/tr><tr><td>Thom\u00e9, A.M.T., Scavarda, A.J. (2015). A Systematic Literature Review of Design-Manufacturing Integration for Sustainable Products. Chemical Engineering Transactions, v. 45, p. 691-696.<\/td><\/tr><tr><td>Scavarda, A.J., Thom\u00e9, A.M.T., Caldas, M.F. (2015). An Analysis of Waste Management in Hospitals. Chemical Engineering Transactions, v. 45, p. 757-762.<\/td><\/tr><tr><td>Baumworcel, L., Scavarda, A.J., Thom\u00e9, A.M.T. (2015). A Model for Heart Transplantation Sustainability. Chemical Engineering Transactions, v. 45, p. 1057-1062.<\/td><\/tr><tr><td>Thom\u00e9, A. M. T., Scavarda, L. F., Pires, S. R. I., Ceryno, P., &amp; Klingebiel, K. (2014). A multi-tier study on supply chain flexibility in the automotive industry. International Journal of Production Economics, 158, 91-105. doi:10.1016\/j.ijpe.2014.07.024<\/td><\/tr><tr><td>Thom\u00e9, A. M. T., Sousa, R. S., &amp; Do Carmo, L. F. R. R. S. (2014). Complexity as contingency in sales and operations planning. Industrial Management and Data Systems, 114(5), 678-695. doi:10.1108\/IMDS-10-2013-0448<\/td><\/tr><tr><td>Thom\u00e9, A. M. T., Sousa, R. S., &amp; Do Carmo, L. F. R. R. S. (2014). The impact of sales and operations planning practices on manufacturing operational performance. International Journal of Production Research, 52(7), 2108-2121. doi:10.1080\/00207543.2013.853889<\/td><\/tr><tr><td>Thom\u00e9, A.M.T., Hollmann, R.L., Scavarda, L.F. (2014). Research synthesis in collaborative planning forecast and replenishment. Industrial Management + Data Systems, v. 114, p. 949-965.<\/td><\/tr><tr><td>Thom\u00e9, A. M. T., Scavarda, L. F., Fernandez, N. S., &amp; Scavarda, A. J. (2012). Sales and operations planning: A research synthesis. International Journal of Production Economics, 138(1), 1-13. doi:10.1016\/j.ijpe.2011.11.027<\/td><\/tr><tr><td>Thom\u00e9, A. M. T., Scavarda, L. F., Fernandez, N. S., &amp; Scavarda, A. J. (2012). Sales and operations planning and the firm performance. International Journal of Productivity and Performance Management, 61(4), 359-381. doi:10.1108\/17410401211212643<\/td><\/tr><tr><td>Goldberg, H. I., Rodrigues, W., Thome, A. M. T., Janowltz, B., &amp; Morris, L. (1984). Infant mortality and breast-feeding in north-eastern Brazil. Population Studies, 38(1), 105-115. doi:10.1080\/00324728.1984.10412825<\/td><\/tr><tr><td>Anderson, J. E., Rodrigues, W., &amp; Thome, A. M. T. (1984). Breastfeeding and use of the health care system in Bahia state, Brazil: Three multivariate analyses. Studies in Family Planning, 15(3), 127-135. doi:10.2307\/1965463<\/td><\/tr><tr><td>Anderson, J. E., Rodrigues, W., &amp; Tavares Thome, A. M. (1983). Analysis of breastfeeding in northeastern Brazil: Methodological and policy considerations. Studies in Family Planning, 14(8-9), 210-218. doi:10.2307\/1966413<\/td><\/tr><\/tbody><\/table><\/figure>\n","protected":false},"excerpt":{"rendered":"<p>Chik\u00e1n, A., Thom\u00e9, A. M. T., Kull, T., Wacker, J., &amp; Grubbstr\u00f6m, R. W. (2022). In memoriam: Prof. David Clay Whybark 1935\u20132021. International Journal of Production Economics, 247, 108451. doi.org\/10.1016\/j.ijpe.2022.108451 (https:\/\/www.sciencedirect.com\/search?qs=obituary%20clay) Kreuter, T., Scavarda, L. F., Thom\u00e9, A. M. T., Hellingrath, B., &amp; Seeling, M. X. (2022). Empirical and theoretical perspectives in sales and operations [&hellip;]<\/p>\n","protected":false},"author":1,"featured_media":0,"parent":0,"menu_order":0,"comment_status":"closed","ping_status":"closed","template":"","meta":{"footnotes":""},"_links":{"self":[{"href":"http:\/\/www.mthome.ind.puc-rio.br\/index.php?rest_route=\/wp\/v2\/pages\/118"}],"collection":[{"href":"http:\/\/www.mthome.ind.puc-rio.br\/index.php?rest_route=\/wp\/v2\/pages"}],"about":[{"href":"http:\/\/www.mthome.ind.puc-rio.br\/index.php?rest_route=\/wp\/v2\/types\/page"}],"author":[{"embeddable":true,"href":"http:\/\/www.mthome.ind.puc-rio.br\/index.php?rest_route=\/wp\/v2\/users\/1"}],"replies":[{"embeddable":true,"href":"http:\/\/www.mthome.ind.puc-rio.br\/index.php?rest_route=%2Fwp%2Fv2%2Fcomments&post=118"}],"version-history":[{"count":10,"href":"http:\/\/www.mthome.ind.puc-rio.br\/index.php?rest_route=\/wp\/v2\/pages\/118\/revisions"}],"predecessor-version":[{"id":307,"href":"http:\/\/www.mthome.ind.puc-rio.br\/index.php?rest_route=\/wp\/v2\/pages\/118\/revisions\/307"}],"wp:attachment":[{"href":"http:\/\/www.mthome.ind.puc-rio.br\/index.php?rest_route=%2Fwp%2Fv2%2Fmedia&parent=118"}],"curies":[{"name":"wp","href":"https:\/\/api.w.org\/{rel}","templated":true}]}}