{"id":126,"date":"2022-08-31T08:28:02","date_gmt":"2022-08-31T11:28:02","guid":{"rendered":"http:\/\/www.mthome.ind.puc-rio.br\/?page_id=126"},"modified":"2022-08-31T09:15:44","modified_gmt":"2022-08-31T12:15:44","slug":"books-manuals","status":"publish","type":"page","link":"http:\/\/www.mthome.ind.puc-rio.br\/?page_id=126","title":{"rendered":"Books &#038; Manuals"},"content":{"rendered":"\n<p>THOM\u00c9, A. M. T.; Barbastefano, Rafael Garcia; SCAVARDA, LUIZ FELIPE; REIS, JO\u00c3O CARLOS GON\u00c7ALVES DOS; Amorim, Marlene Paula Castro, ed. <a>\u201cXXVI IJCIEOM<\/a>\u201d. Springer Proceedings in Mathematics &amp; Statistics. Cham: Springer Nature, 2021, v.2. ISBN 978-3-030-78569-7.<\/p>\n\n\n\n<p>THOM\u00c9, ANT\u00d4NIO M\u00c1RCIO TAVARES; Barbastefano, Rafael Garcia; SCAVARDA, LUIZ FELIPE; dos Reis, Jo\u00e3o Carlos Gon\u00e7alves; Amorim, Marlene Paula Castro, ed. \u201cXXVI IJCIEOM\u201d. Springer Proceedings in Mathematics &amp; Statistics. Cham: Springer International Publishing, 2020, v.1. ISBN 978-3-030-56919-8.<\/p>\n\n\n\n<p>THOM\u00c9, A. M. T., Evaluation of the Effectiveness of Integration of Tuberculosis Prevention Actions in BEMFAM&#8217;s Reproductive Health Programs \u2013 Final Report. [in Portuguese], Rio de Janeiro: BEMFAM, 2003.<\/p>\n\n\n\n<p>THOM\u00c9, A. M. T.; Lopes, S.; Berilo, J.; SILVA, F. J. L., Situational Analysis of the Offer of Reproductive Health Services in the Municipalities of Ass\u00fa, Guamar\u00e9 and Serra do Mel, [in Portuguese], Rio de Janeiro: BEMFAM, 1999.<\/p>\n\n\n\n<p>THOM\u00c9, A. M. T. \u201cData Check List for the Management Information System (MIS) &#8211; Assessment of the Health Sector of Belize,\u201d Cambridge Consulting Corporation, 1998.<\/p>\n\n\n\n<p>THOM\u00c9, A. M. T. \u201cInstitutional Framework for Belize Health Management Information Systems,\u201d Cambridge Consulting Corporation, 1998.<\/p>\n\n\n\n<p>PACQUE-MARGOLIS, S.; Gueye, M.; George, M.; THOM\u00c9, A. M. T., \u201cGambian Contraceptive Prevalence and Fertility Determinants Survey, GCPFDS &#8211; 1990, 1993\u201d, CERPOD \/ The Population Council. 1994.<\/p>\n\n\n\n<p>THOM\u00c9, A. M. T.,&nbsp;\u201cDiagnostique du Syst\u00e8me d&#8217;Information en Sant\u00e9 Maternelle et Infantile en R\u00e9publique Islamique de Mauritanie &#8211; Rapport de Mission\u201d, [in French], United Nations Funds for Population Activities, New York&nbsp;: UN, 1989<\/p>\n\n\n\n<p>THOM\u00c9, A. M. T., \u201cPeru Health Information Systems Project Planning,\u201d <a>Westinghouse Health Systems. Westinghouse Electric Corporation, 1986<\/a><\/p>\n\n\n\n<p>THOM\u00c9, A. M. T. \u201cAnalysis of the health sector in Peru &#8211; ANSSA &#8211; Peru: Data available in the Ministry of Health,\u201d [in Spanish], Westinghouse Health Systems. Westinghouse Electric Corporation, 1985<\/p>\n\n\n\n<p>Costa, M.; THOM\u00c9, A. M. T.; Bogue, D. \u201cPopulation and Socioeconomic Development in Brazil &#8211; A White Paper,\u201d Chicago University, 1984.<\/p>\n\n\n\n<p>Arruda, J.M.; Franco, E.; THOM\u00c9, A. M. T.; Morris, L. \u201cSurvey on Maternal and Child Health and Family Planning \u2013 Amazonas State,\u201d [in Portuguese], &nbsp;<a>Rio de Janeiro: BEMFAM, <\/a>1982<\/p>\n\n\n\n<p>Arruda, J.M.; THOM\u00c9, A. M. T.; Morris, L. Survey on Maternal and Child Health and Family Planning \u2013 Piaui State,\u201d [in Portuguese], <a>Rio de Janeiro: BEMFAM, 1982<\/a><\/p>\n\n\n\n<p>Rodrigues, W.; Morris, L.; Arruda, J.M.; THOM\u00c9, A. M. T.; Reis, E.; Janowitz, B.; Franco, E.; Bailey, P. \u201cSurvey on Maternal and Child Health and Family Planning \u2013 South Region,\u201d [in Portuguese], Rio de Janeiro: BEMFAM, 1982<\/p>\n","protected":false},"excerpt":{"rendered":"<p>THOM\u00c9, A. M. T.; Barbastefano, Rafael Garcia; SCAVARDA, LUIZ FELIPE; REIS, JO\u00c3O CARLOS GON\u00c7ALVES DOS; Amorim, Marlene Paula Castro, ed. \u201cXXVI IJCIEOM\u201d. Springer Proceedings in Mathematics &amp; Statistics. Cham: Springer Nature, 2021, v.2. ISBN 978-3-030-78569-7. THOM\u00c9, ANT\u00d4NIO M\u00c1RCIO TAVARES; Barbastefano, Rafael Garcia; SCAVARDA, LUIZ FELIPE; dos Reis, Jo\u00e3o Carlos Gon\u00e7alves; Amorim, Marlene Paula Castro, ed. [&hellip;]<\/p>\n","protected":false},"author":1,"featured_media":0,"parent":0,"menu_order":0,"comment_status":"closed","ping_status":"closed","template":"","meta":{"footnotes":""},"_links":{"self":[{"href":"http:\/\/www.mthome.ind.puc-rio.br\/index.php?rest_route=\/wp\/v2\/pages\/126"}],"collection":[{"href":"http:\/\/www.mthome.ind.puc-rio.br\/index.php?rest_route=\/wp\/v2\/pages"}],"about":[{"href":"http:\/\/www.mthome.ind.puc-rio.br\/index.php?rest_route=\/wp\/v2\/types\/page"}],"author":[{"embeddable":true,"href":"http:\/\/www.mthome.ind.puc-rio.br\/index.php?rest_route=\/wp\/v2\/users\/1"}],"replies":[{"embeddable":true,"href":"http:\/\/www.mthome.ind.puc-rio.br\/index.php?rest_route=%2Fwp%2Fv2%2Fcomments&post=126"}],"version-history":[{"count":2,"href":"http:\/\/www.mthome.ind.puc-rio.br\/index.php?rest_route=\/wp\/v2\/pages\/126\/revisions"}],"predecessor-version":[{"id":186,"href":"http:\/\/www.mthome.ind.puc-rio.br\/index.php?rest_route=\/wp\/v2\/pages\/126\/revisions\/186"}],"wp:attachment":[{"href":"http:\/\/www.mthome.ind.puc-rio.br\/index.php?rest_route=%2Fwp%2Fv2%2Fmedia&parent=126"}],"curies":[{"name":"wp","href":"https:\/\/api.w.org\/{rel}","templated":true}]}}