{"id":201,"date":"2022-08-31T09:28:24","date_gmt":"2022-08-31T12:28:24","guid":{"rendered":"http:\/\/www.mthome.ind.puc-rio.br\/?page_id=201"},"modified":"2022-08-31T09:50:20","modified_gmt":"2022-08-31T12:50:20","slug":"editorial-reviewing","status":"publish","type":"page","link":"http:\/\/www.mthome.ind.puc-rio.br\/?page_id=201","title":{"rendered":"Editorial &#038; Reviewing"},"content":{"rendered":"\n<ul><li>Associate Editor, Journal Management and Production (\u201cGest\u00e3o e Produ\u00e7\u00e3o,\u201d second largest <em>Brazilian Journal in Production and Operations Management<\/em> &#8211; 2019 \u2013 Present).<\/li><\/ul>\n\n\n\n<ul><li>Invited Editor, Special Issue on \u201cInvited Editor, Special Issue on \u201cSustainability Transitions and Sustainable Supply Chain Management in a period of crisis and disruptions\u201d (with Felipe Scavarda, Adriana Leiras and Rodrigo Caiado), <em>Sustainability<\/em> (2023).<\/li><\/ul>\n\n\n\n<ul><li>Invited Editor, Special Issue on \u201cDigitalization and Sustainable Supply Chain Management in a Period of Crisis\u201d (with Felipe Scavarda, Adriana Leiras and Paulo Gon\u00e7alves), <em>Sustainability<\/em> (2022).<\/li><\/ul>\n\n\n\n<ul><li>Reviewer for the International Journal of Production Economics, European Journal of Operations Research, International Journal of Production Research, Production Planning and Control, International Journal of Physical Distribution &amp; Logistics Management, International Journal of Project Management, Clean Technologies and Environmental Policy, International Journal of Production and Productivity Management, Resources Conservation and Recycling, Gest\u00e3o &amp; Produ\u00e7\u00e3o e Produ\u00e7\u00e3o, and several Operations Management international conferences (e.g., Decision Sciences Institute, EurOMA, POMS, IJCIEOM) and main Brazilian conferences in Operations Management ( ENEGEP, SBPO, SIMPEP, SPOLM).<\/li><\/ul>\n","protected":false},"excerpt":{"rendered":"<p>Associate Editor, Journal Management and Production (\u201cGest\u00e3o e Produ\u00e7\u00e3o,\u201d second largest Brazilian Journal in Production and Operations Management &#8211; 2019 \u2013 Present). Invited Editor, Special Issue on \u201cInvited Editor, Special Issue on \u201cSustainability Transitions and Sustainable Supply Chain Management in a period of crisis and disruptions\u201d (with Felipe Scavarda, Adriana Leiras and Rodrigo Caiado), Sustainability [&hellip;]<\/p>\n","protected":false},"author":1,"featured_media":0,"parent":0,"menu_order":0,"comment_status":"closed","ping_status":"closed","template":"","meta":{"footnotes":""},"_links":{"self":[{"href":"http:\/\/www.mthome.ind.puc-rio.br\/index.php?rest_route=\/wp\/v2\/pages\/201"}],"collection":[{"href":"http:\/\/www.mthome.ind.puc-rio.br\/index.php?rest_route=\/wp\/v2\/pages"}],"about":[{"href":"http:\/\/www.mthome.ind.puc-rio.br\/index.php?rest_route=\/wp\/v2\/types\/page"}],"author":[{"embeddable":true,"href":"http:\/\/www.mthome.ind.puc-rio.br\/index.php?rest_route=\/wp\/v2\/users\/1"}],"replies":[{"embeddable":true,"href":"http:\/\/www.mthome.ind.puc-rio.br\/index.php?rest_route=%2Fwp%2Fv2%2Fcomments&post=201"}],"version-history":[{"count":2,"href":"http:\/\/www.mthome.ind.puc-rio.br\/index.php?rest_route=\/wp\/v2\/pages\/201\/revisions"}],"predecessor-version":[{"id":239,"href":"http:\/\/www.mthome.ind.puc-rio.br\/index.php?rest_route=\/wp\/v2\/pages\/201\/revisions\/239"}],"wp:attachment":[{"href":"http:\/\/www.mthome.ind.puc-rio.br\/index.php?rest_route=%2Fwp%2Fv2%2Fmedia&parent=201"}],"curies":[{"name":"wp","href":"https:\/\/api.w.org\/{rel}","templated":true}]}}